{"id":1074,"date":"2022-01-19T18:55:01","date_gmt":"2022-01-19T18:55:01","guid":{"rendered":"https:\/\/ghytias.com\/portal\/?page_id=1074"},"modified":"2025-03-03T05:14:12","modified_gmt":"2025-03-03T05:14:12","slug":"ghytiastudio","status":"publish","type":"page","link":"https:\/\/ghytias.com\/portal\/ghytiastudio\/","title":{"rendered":"Ghytiastudio"},"content":{"rendered":"\t\t<div data-elementor-type=\"wp-page\" data-elementor-id=\"1074\" class=\"elementor elementor-1074\">\n\t\t\t\t\t\t<section class=\"elementor-section elementor-top-section elementor-element elementor-element-5fe222a2 elementor-section-height-min-height elementor-section-content-bottom elementor-section-items-bottom elementor-section-boxed elementor-section-height-default\" data-id=\"5fe222a2\" data-element_type=\"section\" data-e-type=\"section\" data-settings=\"{&quot;background_background&quot;:&quot;classic&quot;}\">\n\t\t\t\t\t\t\t<div class=\"elementor-background-overlay\"><\/div>\n\t\t\t\t\t\t\t<div class=\"elementor-container elementor-column-gap-no\">\n\t\t\t\t\t<div class=\"elementor-column elementor-col-100 elementor-top-column elementor-element elementor-element-7e656b04\" data-id=\"7e656b04\" data-element_type=\"column\" data-e-type=\"column\">\n\t\t\t<div class=\"elementor-widget-wrap elementor-element-populated\">\n\t\t\t\t\t\t<div class=\"elementor-element elementor-element-7162d1a0 elementor-widget elementor-widget-heading\" data-id=\"7162d1a0\" data-element_type=\"widget\" data-e-type=\"widget\" data-widget_type=\"heading.default\">\n\t\t\t\t<div class=\"elementor-widget-container\">\n\t\t\t\t\t<h1 class=\"elementor-heading-title elementor-size-default\">Ghytiastudio<\/h1>\t\t\t\t<\/div>\n\t\t\t\t<\/div>\n\t\t\t\t<div class=\"elementor-element elementor-element-45b5ac3 elementor-widget elementor-widget-heading\" data-id=\"45b5ac3\" data-element_type=\"widget\" data-e-type=\"widget\" data-widget_type=\"heading.default\">\n\t\t\t\t<div class=\"elementor-widget-container\">\n\t\t\t\t\t<h6 class=\"elementor-heading-title elementor-size-default\">Estudio de danza tribal bellydance<\/h6>\t\t\t\t<\/div>\n\t\t\t\t<\/div>\n\t\t\t\t\t<\/div>\n\t\t<\/div>\n\t\t\t\t\t<\/div>\n\t\t<\/section>\n\t\t\t\t<section class=\"elementor-section elementor-top-section elementor-element elementor-element-4e183abd elementor-section-boxed elementor-section-height-default elementor-section-height-default\" data-id=\"4e183abd\" data-element_type=\"section\" data-e-type=\"section\" data-settings=\"{&quot;background_background&quot;:&quot;classic&quot;}\">\n\t\t\t\t\t\t\t<div class=\"elementor-background-overlay\"><\/div>\n\t\t\t\t\t\t\t<div class=\"elementor-container elementor-column-gap-no\">\n\t\t\t\t\t<div class=\"elementor-column elementor-col-100 elementor-top-column elementor-element elementor-element-51a5a6b4\" data-id=\"51a5a6b4\" data-element_type=\"column\" data-e-type=\"column\">\n\t\t\t<div class=\"elementor-widget-wrap elementor-element-populated\">\n\t\t\t\t\t\t<div class=\"elementor-element elementor-element-2269c3ab elementor-widget elementor-widget-heading\" data-id=\"2269c3ab\" data-element_type=\"widget\" data-e-type=\"widget\" data-widget_type=\"heading.default\">\n\t\t\t\t<div class=\"elementor-widget-container\">\n\t\t\t\t\t<h3 class=\"elementor-heading-title elementor-size-default\">La casa del Tribal Bellydance en M\u00e9xico<\/h3>\t\t\t\t<\/div>\n\t\t\t\t<\/div>\n\t\t\t\t<div class=\"elementor-element elementor-element-5c6c6943 elementor-widget-divider--view-line elementor-widget elementor-widget-divider\" data-id=\"5c6c6943\" data-element_type=\"widget\" data-e-type=\"widget\" data-widget_type=\"divider.default\">\n\t\t\t\t<div class=\"elementor-widget-container\">\n\t\t\t\t\t\t\t<div class=\"elementor-divider\">\n\t\t\t<span class=\"elementor-divider-separator\">\n\t\t\t\t\t\t<\/span>\n\t\t<\/div>\n\t\t\t\t\t\t<\/div>\n\t\t\t\t<\/div>\n\t\t\t\t<div class=\"elementor-element elementor-element-71a3fa1a elementor-widget elementor-widget-text-editor\" data-id=\"71a3fa1a\" data-element_type=\"widget\" data-e-type=\"widget\" data-widget_type=\"text-editor.default\">\n\t\t\t\t<div class=\"elementor-widget-container\">\n\t\t\t\t\t\t\t\t\t<p>Ghytias, a finales de 2013, \u00e9ramos ya una tribu muy activa, en crecimiento exponencial, por lo cual fue natural para Walky Ardaat buscar \u201ccueva\u201d, y as\u00ed, llegamos a Coyoac\u00e1n centro, lo cual le hizo sentido pues, inspirada en el libro de Pinkola Est\u00e9s \u201cMujeres que corren con lobos\u201d, amalgamaba el trabajo en equipo de la improvisaci\u00f3n tribal bellydance, con la vida en manada de los lobos. Llegar a una tierra donde era normal escuchar un aullido en manada, fue el inicio del hogar.<\/p>\t\t\t\t\t\t\t\t<\/div>\n\t\t\t\t<\/div>\n\t\t\t\t<div class=\"elementor-element elementor-element-3b155a59 elementor-widget elementor-widget-image\" data-id=\"3b155a59\" data-element_type=\"widget\" data-e-type=\"widget\" data-widget_type=\"image.default\">\n\t\t\t\t<div class=\"elementor-widget-container\">\n\t\t\t\t\t\t\t\t\t\t\t\t\t\t\t<img fetchpriority=\"high\" decoding=\"async\" width=\"1200\" height=\"800\" src=\"https:\/\/ghytias.com\/portal\/wp-content\/uploads\/Global-Caravan-Excpo-Espisitualidad-24.jpg\" class=\"attachment-1536x1536 size-1536x1536 wp-image-2196\" alt=\"\" srcset=\"https:\/\/ghytias.com\/portal\/wp-content\/uploads\/Global-Caravan-Excpo-Espisitualidad-24.jpg 1200w, https:\/\/ghytias.com\/portal\/wp-content\/uploads\/Global-Caravan-Excpo-Espisitualidad-24-600x400.jpg 600w, https:\/\/ghytias.com\/portal\/wp-content\/uploads\/Global-Caravan-Excpo-Espisitualidad-24-360x240.jpg 360w, https:\/\/ghytias.com\/portal\/wp-content\/uploads\/Global-Caravan-Excpo-Espisitualidad-24-1030x687.jpg 1030w, https:\/\/ghytias.com\/portal\/wp-content\/uploads\/Global-Caravan-Excpo-Espisitualidad-24-768x512.jpg 768w\" sizes=\"(max-width: 1200px) 100vw, 1200px\" \/>\t\t\t\t\t\t\t\t\t\t\t\t\t\t\t<\/div>\n\t\t\t\t<\/div>\n\t\t\t\t<div class=\"elementor-element elementor-element-1be5b0ec elementor-widget elementor-widget-text-editor\" data-id=\"1be5b0ec\" data-element_type=\"widget\" data-e-type=\"widget\" data-widget_type=\"text-editor.default\">\n\t\t\t\t<div class=\"elementor-widget-container\">\n\t\t\t\t\t\t\t\t\t<p>As\u00ed, abre sus puertas en 2014, en Imbolc, \u201cGhytiastudio, Estudio de Danza Tribal Bellydance\u201d, la casa de Ghytias y el cual es el actual punto de encuentro de la escena Tribal Bellydance en M\u00e9xico, al ser el estudio altamente especializado en distintos estilos de improvisaci\u00f3n de tribal bellydance.<\/p>\t\t\t\t\t\t\t\t<\/div>\n\t\t\t\t<\/div>\n\t\t\t\t<div class=\"elementor-element elementor-element-33490d9a elementor-widget elementor-widget-image\" data-id=\"33490d9a\" data-element_type=\"widget\" data-e-type=\"widget\" data-widget_type=\"image.default\">\n\t\t\t\t<div class=\"elementor-widget-container\">\n\t\t\t\t\t\t\t\t\t\t\t\t\t\t\t<img decoding=\"async\" width=\"1200\" height=\"571\" src=\"https:\/\/ghytias.com\/portal\/wp-content\/uploads\/Seminario-Sable-FCBD-Style-El-Gato-Negro-Estudio-Septiembre-24.jpg\" class=\"attachment-1536x1536 size-1536x1536 wp-image-2226\" alt=\"\" srcset=\"https:\/\/ghytias.com\/portal\/wp-content\/uploads\/Seminario-Sable-FCBD-Style-El-Gato-Negro-Estudio-Septiembre-24.jpg 1200w, https:\/\/ghytias.com\/portal\/wp-content\/uploads\/Seminario-Sable-FCBD-Style-El-Gato-Negro-Estudio-Septiembre-24-600x286.jpg 600w, https:\/\/ghytias.com\/portal\/wp-content\/uploads\/Seminario-Sable-FCBD-Style-El-Gato-Negro-Estudio-Septiembre-24-360x171.jpg 360w, https:\/\/ghytias.com\/portal\/wp-content\/uploads\/Seminario-Sable-FCBD-Style-El-Gato-Negro-Estudio-Septiembre-24-1030x490.jpg 1030w, https:\/\/ghytias.com\/portal\/wp-content\/uploads\/Seminario-Sable-FCBD-Style-El-Gato-Negro-Estudio-Septiembre-24-768x365.jpg 768w\" sizes=\"(max-width: 1200px) 100vw, 1200px\" \/>\t\t\t\t\t\t\t\t\t\t\t\t\t\t\t<\/div>\n\t\t\t\t<\/div>\n\t\t\t\t<div class=\"elementor-element elementor-element-53664694 elementor-widget elementor-widget-text-editor\" data-id=\"53664694\" data-element_type=\"widget\" data-e-type=\"widget\" data-widget_type=\"text-editor.default\">\n\t\t\t\t<div class=\"elementor-widget-container\">\n\t\t\t\t\t\t\t\t\t<p>Walky Ardaat, a lo largo de 13 a\u00f1os de estudio y danza, con una ra\u00edz fuerte en el lenguaje madre \u201cFat Chance Bellydance\u201d (Walky Ardaat ha concretado duetos danc\u00edsticos a nivel profesional con maestras em\u00e9ritas de la agrupaci\u00f3n Fat Chance Bellydance como Wendy Allen, Sandy Ball, Kae Montgomery, Anita Lalwani), se ha especializado en otros lenguajes de improvisaci\u00f3n, siendo la bailarina y maestra de gran mayor sapiencia en la escena tribal bellydance mexicana.<\/p>\t\t\t\t\t\t\t\t<\/div>\n\t\t\t\t<\/div>\n\t\t\t\t<div class=\"elementor-element elementor-element-5eb41cdf elementor-widget elementor-widget-heading\" data-id=\"5eb41cdf\" data-element_type=\"widget\" data-e-type=\"widget\" data-widget_type=\"heading.default\">\n\t\t\t\t<div class=\"elementor-widget-container\">\n\t\t\t\t\t<h3 class=\"elementor-heading-title elementor-size-default\">Certificaciones en Tribal Bellydance<\/h3>\t\t\t\t<\/div>\n\t\t\t\t<\/div>\n\t\t\t\t<div class=\"elementor-element elementor-element-61e5043 elementor-widget-divider--view-line elementor-widget elementor-widget-divider\" data-id=\"61e5043\" data-element_type=\"widget\" data-e-type=\"widget\" data-widget_type=\"divider.default\">\n\t\t\t\t<div class=\"elementor-widget-container\">\n\t\t\t\t\t\t\t<div class=\"elementor-divider\">\n\t\t\t<span class=\"elementor-divider-separator\">\n\t\t\t\t\t\t<\/span>\n\t\t<\/div>\n\t\t\t\t\t\t<\/div>\n\t\t\t\t<\/div>\n\t\t\t\t<div class=\"elementor-element elementor-element-71086b1f elementor-widget elementor-widget-text-editor\" data-id=\"71086b1f\" data-element_type=\"widget\" data-e-type=\"widget\" data-widget_type=\"text-editor.default\">\n\t\t\t\t<div class=\"elementor-widget-container\">\n\t\t\t\t\t\t\t\t\t<p>Walky Ardaat cuenta con cinco <strong>certificaciones<\/strong> <strong>internacionales de la escena tribal bellydance<\/strong>, y que a trav\u00e9 de clases de nivel b\u00e1sico, intermedio, avanzado y especializaciones, comparte con pasi\u00f3n desde Ghytiastudio, contando con alumnado de todo el pa\u00eds que acude a nuestro hogar:<\/p><p>\u00a0<\/p><p>\u2666\u00a0Teacher Training con Carolena Nericcio &amp; DeAnna Freeman \/ \/ Fat Chance Belly Dance\u00ae\ufe0f (2023)\u00a0<\/p><p><span style=\"color: var(--ast-global-color-3); font-size: 1rem;\">\u2666\u00a0<\/span>General Skills con Carolena Nericcio &amp; DeAnna Freeman \/ Fat Chance Belly Dance\u00ae\ufe0f (2020)<\/p><p><span style=\"color: var(--ast-global-color-3); font-size: 1rem;\">\u2666\u00a0<\/span>Collective Soul 1,2,3 y 4 y Teacher Training 1 y 2 con Paulette Rees-Denis de Global Caravan Tribal Bellydance (2013 a la fecha)<\/p><p><span style=\"color: var(--ast-global-color-3); font-size: 1rem;\">\u2666\u00a0<\/span>Wild Card Bellydance, Sister Studio Training Nivel 1 y 2 (2019 a la fecha)<\/p><p><span style=\"color: var(--ast-global-color-3); font-size: 1rem;\">\u2666\u00a0<\/span>Salamat Tribal Pura, certificaci\u00f3n por Terri Walden (2018 a la fecha)<\/p><p><span style=\"color: var(--ast-global-color-3); font-size: 1rem;\">\u2666\u00a0<\/span>Bohemian Bellydance Nivel 1 con Belladona Boheme (2020)<\/p>\t\t\t\t\t\t\t\t<\/div>\n\t\t\t\t<\/div>\n\t\t\t\t<div class=\"elementor-element elementor-element-e2187bf elementor-widget elementor-widget-image\" data-id=\"e2187bf\" data-element_type=\"widget\" data-e-type=\"widget\" data-widget_type=\"image.default\">\n\t\t\t\t<div class=\"elementor-widget-container\">\n\t\t\t\t\t\t\t\t\t\t\t\t\t\t\t<img decoding=\"async\" width=\"1030\" height=\"1030\" src=\"https:\/\/ghytias.com\/portal\/wp-content\/uploads\/cuadrante-insta-WA-1030x1030.jpg\" class=\"attachment-large size-large wp-image-2044\" alt=\"\" srcset=\"https:\/\/ghytias.com\/portal\/wp-content\/uploads\/cuadrante-insta-WA-1030x1030.jpg 1030w, https:\/\/ghytias.com\/portal\/wp-content\/uploads\/cuadrante-insta-WA-300x300.jpg 300w, https:\/\/ghytias.com\/portal\/wp-content\/uploads\/cuadrante-insta-WA-100x100.jpg 100w, https:\/\/ghytias.com\/portal\/wp-content\/uploads\/cuadrante-insta-WA-600x600.jpg 600w, https:\/\/ghytias.com\/portal\/wp-content\/uploads\/cuadrante-insta-WA-360x360.jpg 360w, https:\/\/ghytias.com\/portal\/wp-content\/uploads\/cuadrante-insta-WA-80x80.jpg 80w, https:\/\/ghytias.com\/portal\/wp-content\/uploads\/cuadrante-insta-WA-768x768.jpg 768w, https:\/\/ghytias.com\/portal\/wp-content\/uploads\/cuadrante-insta-WA.jpg 1200w\" sizes=\"(max-width: 1030px) 100vw, 1030px\" \/>\t\t\t\t\t\t\t\t\t\t\t\t\t\t\t<\/div>\n\t\t\t\t<\/div>\n\t\t\t\t<div class=\"elementor-element elementor-element-25e064c elementor-widget elementor-widget-image\" data-id=\"25e064c\" data-element_type=\"widget\" data-e-type=\"widget\" data-widget_type=\"image.default\">\n\t\t\t\t<div class=\"elementor-widget-container\">\n\t\t\t\t\t\t\t\t\t\t\t\t\t\t\t<img loading=\"lazy\" decoding=\"async\" width=\"1200\" height=\"800\" src=\"https:\/\/ghytias.com\/portal\/wp-content\/uploads\/Cierre-Expo-Espiritualidad-2024-10-06.jpg\" class=\"attachment-1536x1536 size-1536x1536 wp-image-2200\" alt=\"\" srcset=\"https:\/\/ghytias.com\/portal\/wp-content\/uploads\/Cierre-Expo-Espiritualidad-2024-10-06.jpg 1200w, https:\/\/ghytias.com\/portal\/wp-content\/uploads\/Cierre-Expo-Espiritualidad-2024-10-06-600x400.jpg 600w, https:\/\/ghytias.com\/portal\/wp-content\/uploads\/Cierre-Expo-Espiritualidad-2024-10-06-360x240.jpg 360w, https:\/\/ghytias.com\/portal\/wp-content\/uploads\/Cierre-Expo-Espiritualidad-2024-10-06-1030x687.jpg 1030w, https:\/\/ghytias.com\/portal\/wp-content\/uploads\/Cierre-Expo-Espiritualidad-2024-10-06-768x512.jpg 768w\" sizes=\"(max-width: 1200px) 100vw, 1200px\" \/>\t\t\t\t\t\t\t\t\t\t\t\t\t\t\t<\/div>\n\t\t\t\t<\/div>\n\t\t\t\t<div class=\"elementor-element elementor-element-5cfd562 elementor-widget elementor-widget-text-editor\" data-id=\"5cfd562\" data-element_type=\"widget\" data-e-type=\"widget\" data-widget_type=\"text-editor.default\">\n\t\t\t\t<div class=\"elementor-widget-container\">\n\t\t\t\t\t\t\t\t\t<p>En <strong>Ghytiastudio, Estudio de Danza Tribal Bellydance<\/strong>, contamos con grupos de <strong>nivel b\u00e1sico, intermedio y avanzado<\/strong>, en los cuales, conforme a la maduraci\u00f3n personal, estudio de nuestra historia danc\u00edstica e inspiraciones, musicalidad, aprendizaje de diversas est\u00e9ticas, maquillaje, etc, se van adquiriendo experiencia en haflas (reuniones, fiestas donde se fomenta el ejercicio de improvisaci\u00f3n tribal bellydance) y opci\u00f3n a presentaciones acordes al nivel de la bailarina. Todos bajo una visi\u00f3n de excelencia que nos ha caracterizado por m\u00e1s de una d\u00e9cada en la comunidad tribal bellydance mexicanas.<\/p>\t\t\t\t\t\t\t\t<\/div>\n\t\t\t\t<\/div>\n\t\t\t\t<div class=\"elementor-element elementor-element-0357d27 elementor-widget elementor-widget-image\" data-id=\"0357d27\" data-element_type=\"widget\" data-e-type=\"widget\" data-widget_type=\"image.default\">\n\t\t\t\t<div class=\"elementor-widget-container\">\n\t\t\t\t\t\t\t\t\t\t\t\t\t\t\t<img loading=\"lazy\" decoding=\"async\" width=\"1200\" height=\"462\" src=\"https:\/\/ghytias.com\/portal\/wp-content\/uploads\/Cierre-gala-Ghytia-y-Wild-Card-15-aniversa.jpg\" class=\"attachment-1536x1536 size-1536x1536 wp-image-2228\" alt=\"\" srcset=\"https:\/\/ghytias.com\/portal\/wp-content\/uploads\/Cierre-gala-Ghytia-y-Wild-Card-15-aniversa.jpg 1200w, https:\/\/ghytias.com\/portal\/wp-content\/uploads\/Cierre-gala-Ghytia-y-Wild-Card-15-aniversa-600x231.jpg 600w, https:\/\/ghytias.com\/portal\/wp-content\/uploads\/Cierre-gala-Ghytia-y-Wild-Card-15-aniversa-360x139.jpg 360w, https:\/\/ghytias.com\/portal\/wp-content\/uploads\/Cierre-gala-Ghytia-y-Wild-Card-15-aniversa-1030x397.jpg 1030w, https:\/\/ghytias.com\/portal\/wp-content\/uploads\/Cierre-gala-Ghytia-y-Wild-Card-15-aniversa-768x296.jpg 768w\" sizes=\"(max-width: 1200px) 100vw, 1200px\" \/>\t\t\t\t\t\t\t\t\t\t\t\t\t\t\t<\/div>\n\t\t\t\t<\/div>\n\t\t\t\t<div class=\"elementor-element elementor-element-2342fbc elementor-widget elementor-widget-text-editor\" data-id=\"2342fbc\" data-element_type=\"widget\" data-e-type=\"widget\" data-widget_type=\"text-editor.default\">\n\t\t\t\t<div class=\"elementor-widget-container\">\n\t\t\t\t\t\t\t\t\t<p>Producimos <strong>show semestrales<\/strong> para nuestro alumnado regular, Troupe Loba Loba, as\u00ed como para quienes participan de especializaciones, ya sea en espacios abiertos al p\u00fablico, teatros, y el festival anual el Be Tribal Bellydance, el festival por antonomasia del tribal bellydance en M\u00e9xico, por mencionar algunos. Todas oportunidades para difundir con profesionalismo, nuestra danza y cultura, el arte.<\/p>\t\t\t\t\t\t\t\t<\/div>\n\t\t\t\t<\/div>\n\t\t\t\t<div class=\"elementor-element elementor-element-2a9d30b elementor-widget elementor-widget-image\" data-id=\"2a9d30b\" data-element_type=\"widget\" data-e-type=\"widget\" data-widget_type=\"image.default\">\n\t\t\t\t<div class=\"elementor-widget-container\">\n\t\t\t\t\t\t\t\t\t\t\t\t\t\t\t<img loading=\"lazy\" decoding=\"async\" width=\"1200\" height=\"1184\" src=\"https:\/\/ghytias.com\/portal\/wp-content\/uploads\/Global-Caravan-en-GhytiaStudio.jpg\" class=\"attachment-1536x1536 size-1536x1536 wp-image-2201\" alt=\"\" srcset=\"https:\/\/ghytias.com\/portal\/wp-content\/uploads\/Global-Caravan-en-GhytiaStudio.jpg 1200w, https:\/\/ghytias.com\/portal\/wp-content\/uploads\/Global-Caravan-en-GhytiaStudio-100x100.jpg 100w, https:\/\/ghytias.com\/portal\/wp-content\/uploads\/Global-Caravan-en-GhytiaStudio-600x592.jpg 600w, https:\/\/ghytias.com\/portal\/wp-content\/uploads\/Global-Caravan-en-GhytiaStudio-360x355.jpg 360w, https:\/\/ghytias.com\/portal\/wp-content\/uploads\/Global-Caravan-en-GhytiaStudio-1030x1016.jpg 1030w, https:\/\/ghytias.com\/portal\/wp-content\/uploads\/Global-Caravan-en-GhytiaStudio-80x80.jpg 80w, https:\/\/ghytias.com\/portal\/wp-content\/uploads\/Global-Caravan-en-GhytiaStudio-768x758.jpg 768w\" sizes=\"(max-width: 1200px) 100vw, 1200px\" \/>\t\t\t\t\t\t\t\t\t\t\t\t\t\t\t<\/div>\n\t\t\t\t<\/div>\n\t\t\t\t<div class=\"elementor-element elementor-element-1695ecb elementor-widget elementor-widget-text-editor\" data-id=\"1695ecb\" data-element_type=\"widget\" data-e-type=\"widget\" data-widget_type=\"text-editor.default\">\n\t\t\t\t<div class=\"elementor-widget-container\">\n\t\t\t\t\t\t\t\t\t<p>Responde al aullido y b\u00fascanos en Ghytiastudio, Estudio de Danza Tribal Bellydance, la casa del tribal bellydance en M\u00e9xico, nuestra casa Ghytia. Se parte de la comunidad y transformaci\u00f3n a trav\u00e9s de los c\u00edrculos de danza que el tribal bellydance genera. Tenemos el estilo de improvisaci\u00f3n tribal bellydance, en el cual, <strong>ser\u00e1s plenamente t\u00fa, en tribu<\/strong>.<\/p>\t\t\t\t\t\t\t\t<\/div>\n\t\t\t\t<\/div>\n\t\t\t\t\t<\/div>\n\t\t<\/div>\n\t\t\t\t\t<\/div>\n\t\t<\/section>\n\t\t\t\t<section class=\"elementor-section elementor-top-section elementor-element elementor-element-42cf2342 elementor-section-boxed elementor-section-height-default elementor-section-height-default\" data-id=\"42cf2342\" data-element_type=\"section\" data-e-type=\"section\" data-settings=\"{&quot;background_background&quot;:&quot;classic&quot;}\">\n\t\t\t\t\t\t\t<div class=\"elementor-background-overlay\"><\/div>\n\t\t\t\t\t\t\t<div class=\"elementor-container elementor-column-gap-no\">\n\t\t\t\t\t<div class=\"elementor-column elementor-col-100 elementor-top-column elementor-element elementor-element-6fd86954\" data-id=\"6fd86954\" data-element_type=\"column\" data-e-type=\"column\">\n\t\t\t<div class=\"elementor-widget-wrap elementor-element-populated\">\n\t\t\t\t\t\t<div class=\"elementor-element elementor-element-21a3bcd8 elementor-widget elementor-widget-heading\" data-id=\"21a3bcd8\" data-element_type=\"widget\" data-e-type=\"widget\" data-widget_type=\"heading.default\">\n\t\t\t\t<div class=\"elementor-widget-container\">\n\t\t\t\t\t<h6 class=\"elementor-heading-title elementor-size-default\">Conoce la oferta de nuestras distintas clases y formatos<\/h6>\t\t\t\t<\/div>\n\t\t\t\t<\/div>\n\t\t\t\t<div class=\"elementor-element elementor-element-9d0426b elementor-widget elementor-widget-heading\" data-id=\"9d0426b\" data-element_type=\"widget\" data-e-type=\"widget\" data-widget_type=\"heading.default\">\n\t\t\t\t<div class=\"elementor-widget-container\">\n\t\t\t\t\t<h2 class=\"elementor-heading-title elementor-size-default\">Clases 2024<\/h2>\t\t\t\t<\/div>\n\t\t\t\t<\/div>\n\t\t\t\t<div class=\"elementor-element elementor-element-550aad28 elementor-align-center elementor-widget elementor-widget-button\" data-id=\"550aad28\" data-element_type=\"widget\" data-e-type=\"widget\" data-widget_type=\"button.default\">\n\t\t\t\t<div class=\"elementor-widget-container\">\n\t\t\t\t\t\t\t\t\t<div class=\"elementor-button-wrapper\">\n\t\t\t\t\t<a class=\"elementor-button elementor-button-link elementor-size-sm\" href=\"https:\/\/ghytias.com\/portal\/clases-2022\/\">\n\t\t\t\t\t\t<span class=\"elementor-button-content-wrapper\">\n\t\t\t\t\t\t\t\t\t<span class=\"elementor-button-text\">CLASES<\/span>\n\t\t\t\t\t<\/span>\n\t\t\t\t\t<\/a>\n\t\t\t\t<\/div>\n\t\t\t\t\t\t\t\t<\/div>\n\t\t\t\t<\/div>\n\t\t\t\t\t<\/div>\n\t\t<\/div>\n\t\t\t\t\t<\/div>\n\t\t<\/section>\n\t\t\t\t<\/div>\n\t\t","protected":false},"excerpt":{"rendered":"<p>Ghytiastudio Estudio de danza tribal bellydance La casa del Tribal Bellydance en M\u00e9xico Ghytias, a finales de 2013, \u00e9ramos ya una tribu muy activa, en crecimiento exponencial, por lo cual fue natural para Walky Ardaat buscar \u201ccueva\u201d, y as\u00ed, llegamos a Coyoac\u00e1n centro, lo cual le hizo sentido pues, inspirada en el libro de Pinkola [&hellip;]<\/p>\n","protected":false},"author":1,"featured_media":0,"parent":0,"menu_order":0,"comment_status":"closed","ping_status":"closed","template":"","meta":{"site-sidebar-layout":"no-sidebar","site-content-layout":"page-builder","ast-site-content-layout":"","site-content-style":"default","site-sidebar-style":"default","ast-global-header-display":"","ast-banner-title-visibility":"","ast-main-header-display":"","ast-hfb-above-header-display":"","ast-hfb-below-header-display":"","ast-hfb-mobile-header-display":"","site-post-title":"disabled","ast-breadcrumbs-content":"","ast-featured-img":"disabled","footer-sml-layout":"","theme-transparent-header-meta":"","adv-header-id-meta":"","stick-header-meta":"","header-above-stick-meta":"","header-main-stick-meta":"","header-below-stick-meta":"","astra-migrate-meta-layouts":"default","ast-page-background-enabled":"default","ast-page-background-meta":{"desktop":{"background-color":"","background-image":"","background-repeat":"repeat","background-position":"center center","background-size":"auto","background-attachment":"scroll","background-type":"","background-media":"","overlay-type":"","overlay-color":"","overlay-opacity":"","overlay-gradient":""},"tablet":{"background-color":"","background-image":"","background-repeat":"repeat","background-position":"center center","background-size":"auto","background-attachment":"scroll","background-type":"","background-media":"","overlay-type":"","overlay-color":"","overlay-opacity":"","overlay-gradient":""},"mobile":{"background-color":"","background-image":"","background-repeat":"repeat","background-position":"center center","background-size":"auto","background-attachment":"scroll","background-type":"","background-media":"","overlay-type":"","overlay-color":"","overlay-opacity":"","overlay-gradient":""}},"ast-content-background-meta":{"desktop":{"background-color":"var(--ast-global-color-5)","background-image":"","background-repeat":"repeat","background-position":"center center","background-size":"auto","background-attachment":"scroll","background-type":"","background-media":"","overlay-type":"","overlay-color":"","overlay-opacity":"","overlay-gradient":""},"tablet":{"background-color":"var(--ast-global-color-5)","background-image":"","background-repeat":"repeat","background-position":"center center","background-size":"auto","background-attachment":"scroll","background-type":"","background-media":"","overlay-type":"","overlay-color":"","overlay-opacity":"","overlay-gradient":""},"mobile":{"background-color":"var(--ast-global-color-5)","background-image":"","background-repeat":"repeat","background-position":"center center","background-size":"auto","background-attachment":"scroll","background-type":"","background-media":"","overlay-type":"","overlay-color":"","overlay-opacity":"","overlay-gradient":""}},"footnotes":""},"class_list":["post-1074","page","type-page","status-publish","hentry"],"_links":{"self":[{"href":"https:\/\/ghytias.com\/portal\/wp-json\/wp\/v2\/pages\/1074","targetHints":{"allow":["GET"]}}],"collection":[{"href":"https:\/\/ghytias.com\/portal\/wp-json\/wp\/v2\/pages"}],"about":[{"href":"https:\/\/ghytias.com\/portal\/wp-json\/wp\/v2\/types\/page"}],"author":[{"embeddable":true,"href":"https:\/\/ghytias.com\/portal\/wp-json\/wp\/v2\/users\/1"}],"replies":[{"embeddable":true,"href":"https:\/\/ghytias.com\/portal\/wp-json\/wp\/v2\/comments?post=1074"}],"version-history":[{"count":49,"href":"https:\/\/ghytias.com\/portal\/wp-json\/wp\/v2\/pages\/1074\/revisions"}],"predecessor-version":[{"id":2252,"href":"https:\/\/ghytias.com\/portal\/wp-json\/wp\/v2\/pages\/1074\/revisions\/2252"}],"wp:attachment":[{"href":"https:\/\/ghytias.com\/portal\/wp-json\/wp\/v2\/media?parent=1074"}],"curies":[{"name":"wp","href":"https:\/\/api.w.org\/{rel}","templated":true}]}}